{"id":90916,"date":"2022-06-26T14:45:13","date_gmt":"2022-06-26T12:45:13","guid":{"rendered":"https:\/\/www.keywordsstudiosfrance.com\/reviews\/"},"modified":"2022-10-03T14:36:19","modified_gmt":"2022-10-03T12:36:19","slug":"reviews","status":"publish","type":"page","link":"https:\/\/www.keywordsstudiosfrance.com\/en\/our-projects\/reviews\/","title":{"rendered":"Reviews&nbsp;: cyberpunk 2077"},"content":{"rendered":"<div class=\"wpb-content-wrapper\"><p>[vc_row][vc_column column_width_percent=&#8221;100&#8243; position_horizontal=&#8221;left&#8221; gutter_size=&#8221;3&#8243; overlay_alpha=&#8221;50&#8243; shift_x=&#8221;0&#8243; shift_y=&#8221;0&#8243; shift_y_down=&#8221;0&#8243; z_index=&#8221;0&#8243; medium_width=&#8221;0&#8243; mobile_width=&#8221;0&#8243; width=&#8221;1\/1&#8243; uncode_shortcode_id=&#8221;299866&#8243;][vc_custom_heading uncode_shortcode_id=&#8221;211686&#8243; subheading=&#8221;Cyberpunk 2077&#8243; el_class=&#8221;ksf-special-heading&#8221;]Reviews[\/vc_custom_heading][\/vc_column][\/vc_row][vc_row][vc_column column_width_use_pixel=&#8221;yes&#8221; gutter_size=&#8221;2&#8243; overlay_alpha=&#8221;50&#8243; shift_x=&#8221;0&#8243; shift_y=&#8221;0&#8243; shift_y_down=&#8221;0&#8243; z_index=&#8221;0&#8243; medium_width=&#8221;0&#8243; mobile_width=&#8221;0&#8243; width=&#8221;1\/1&#8243; uncode_shortcode_id=&#8221;998810&#8243; column_width_pixel=&#8221;950&#8243;][vc_custom_heading text_color=&#8221;color-203580&#8243; heading_semantic=&#8221;h3&#8243; text_size=&#8221;h4&#8243; uncode_shortcode_id=&#8221;179539&#8243; text_color_type=&#8221;uncode-palette&#8221;]www.actugaming.net[\/vc_custom_heading][vc_column_text uncode_shortcode_id=&#8221;194734&#8243;]&#8221;Saluons enfin les responsables du doublage fran\u00e7ais qui ont r\u00e9alis\u00e9 un sans-faute dans l\u2019interpr\u00e9tation des personnages et le choix des voix. Un doublage fran\u00e7ais exemplaire.&#8221;<br \/>\n<em>&#8220;Kudos to the craftsmen \u00a0in charge of the French dubbing. They delivered a flawless casting and voice direction. A remarkable French dubbing.&#8221;<\/em>[\/vc_column_text][\/vc_column][\/vc_row][vc_row][vc_column column_width_use_pixel=&#8221;yes&#8221; gutter_size=&#8221;2&#8243; overlay_alpha=&#8221;50&#8243; shift_x=&#8221;0&#8243; shift_y=&#8221;0&#8243; shift_y_down=&#8221;0&#8243; z_index=&#8221;0&#8243; medium_width=&#8221;0&#8243; mobile_width=&#8221;0&#8243; width=&#8221;1\/1&#8243; uncode_shortcode_id=&#8221;998810&#8243; column_width_pixel=&#8221;950&#8243;][vc_custom_heading text_color=&#8221;color-203580&#8243; heading_semantic=&#8221;h3&#8243; text_size=&#8221;h4&#8243; uncode_shortcode_id=&#8221;104895&#8243; text_color_type=&#8221;uncode-palette&#8221;]www.jeuxvideo-live.com[\/vc_custom_heading][vc_column_text uncode_shortcode_id=&#8221;122044&#8243;]&#8221;Des doublages qui sont tout aussi r\u00e9ussis en VF qu\u2019en VA&#8221;<em><br \/>\n&#8220;Voice overs are as good in French and in English&#8221;<\/em>[\/vc_column_text][\/vc_column][\/vc_row][vc_row][vc_column column_width_use_pixel=&#8221;yes&#8221; gutter_size=&#8221;2&#8243; overlay_alpha=&#8221;50&#8243; shift_x=&#8221;0&#8243; shift_y=&#8221;0&#8243; shift_y_down=&#8221;0&#8243; z_index=&#8221;0&#8243; medium_width=&#8221;0&#8243; mobile_width=&#8221;0&#8243; width=&#8221;1\/1&#8243; uncode_shortcode_id=&#8221;998810&#8243; column_width_pixel=&#8221;950&#8243;][vc_custom_heading text_color=&#8221;color-203580&#8243; heading_semantic=&#8221;h3&#8243; text_size=&#8221;h4&#8243; uncode_shortcode_id=&#8221;183515&#8243; text_color_type=&#8221;uncode-palette&#8221;]www.4wearegamers.com[\/vc_custom_heading][vc_column_text uncode_shortcode_id=&#8221;118939&#8243;]&#8221;Une VF impeccable&#8221;<em><br \/>\n&#8220;An impeccable French dubbing&#8221;<br \/>\n<\/em>[\/vc_column_text][\/vc_column][\/vc_row][vc_row][vc_column column_width_use_pixel=&#8221;yes&#8221; gutter_size=&#8221;2&#8243; overlay_alpha=&#8221;50&#8243; shift_x=&#8221;0&#8243; shift_y=&#8221;0&#8243; shift_y_down=&#8221;0&#8243; z_index=&#8221;0&#8243; medium_width=&#8221;0&#8243; mobile_width=&#8221;0&#8243; width=&#8221;1\/1&#8243; uncode_shortcode_id=&#8221;998810&#8243; column_width_pixel=&#8221;950&#8243;][vc_custom_heading text_color=&#8221;color-203580&#8243; heading_semantic=&#8221;h3&#8243; text_size=&#8221;h4&#8243; uncode_shortcode_id=&#8221;722045&#8243; text_color_type=&#8221;uncode-palette&#8221;]www.new-game-plus.fr[\/vc_custom_heading][vc_column_text uncode_shortcode_id=&#8221;211999&#8243;]&#8221;Des doublages FR de haut niveau&#8221;<em><br \/>\n&#8220;Top line French dubbing&#8221;<\/em>[\/vc_column_text][\/vc_column][\/vc_row][vc_row][vc_column column_width_use_pixel=&#8221;yes&#8221; gutter_size=&#8221;2&#8243; overlay_alpha=&#8221;50&#8243; shift_x=&#8221;0&#8243; shift_y=&#8221;0&#8243; shift_y_down=&#8221;0&#8243; z_index=&#8221;0&#8243; medium_width=&#8221;0&#8243; mobile_width=&#8221;0&#8243; width=&#8221;1\/1&#8243; uncode_shortcode_id=&#8221;998810&#8243; column_width_pixel=&#8221;950&#8243;][vc_custom_heading text_color=&#8221;color-203580&#8243; heading_semantic=&#8221;h3&#8243; text_size=&#8221;h4&#8243; uncode_shortcode_id=&#8221;183261&#8243; text_color_type=&#8221;uncode-palette&#8221;]www.dna.fr[\/vc_custom_heading][vc_column_text uncode_shortcode_id=&#8221;206898&#8243;]&#8221;des personnages principaux et secondaires bien \u00e9crits, au doublage original ou fran\u00e7ais de grande qualit\u00e9&#8221;<em><br \/>\n&#8220;very well written main and secondary characters with very good English and French voiceovers&#8221;<\/em>[\/vc_column_text][\/vc_column][\/vc_row][vc_row][vc_column column_width_use_pixel=&#8221;yes&#8221; gutter_size=&#8221;2&#8243; overlay_alpha=&#8221;50&#8243; shift_x=&#8221;0&#8243; shift_y=&#8221;0&#8243; shift_y_down=&#8221;0&#8243; z_index=&#8221;0&#8243; medium_width=&#8221;0&#8243; mobile_width=&#8221;0&#8243; width=&#8221;1\/1&#8243; uncode_shortcode_id=&#8221;998810&#8243; column_width_pixel=&#8221;950&#8243;][vc_custom_heading text_color=&#8221;color-203580&#8243; heading_semantic=&#8221;h3&#8243; text_size=&#8221;h4&#8243; uncode_shortcode_id=&#8221;197316&#8243; text_color_type=&#8221;uncode-palette&#8221;]www.geeko.lesoir.be[\/vc_custom_heading][vc_column_text uncode_shortcode_id=&#8221;874204&#8243;]&#8221;Les doublages sont pour leur part excellents, avec l\u2019honneur de retrouver la voix fran\u00e7aise officielle de Keanu Reeves&#8221;<em><br \/>\n&#8220;The French dubbing is excellent and it is such a pleasure to listen to the official French voice of Keanu Reeves.&#8221;<\/em>[\/vc_column_text][\/vc_column][\/vc_row][vc_row][vc_column column_width_use_pixel=&#8221;yes&#8221; gutter_size=&#8221;2&#8243; overlay_alpha=&#8221;50&#8243; shift_x=&#8221;0&#8243; shift_y=&#8221;0&#8243; shift_y_down=&#8221;0&#8243; z_index=&#8221;0&#8243; medium_width=&#8221;0&#8243; mobile_width=&#8221;0&#8243; width=&#8221;1\/1&#8243; uncode_shortcode_id=&#8221;998810&#8243; column_width_pixel=&#8221;950&#8243;][vc_custom_heading text_color=&#8221;color-203580&#8243; heading_semantic=&#8221;h3&#8243; text_size=&#8221;h4&#8243; uncode_shortcode_id=&#8221;156943&#8243; text_color_type=&#8221;uncode-palette&#8221;]www.tryagame.fr[\/vc_custom_heading][vc_column_text uncode_shortcode_id=&#8221;191642&#8243;]&#8221;Points forts&nbsp;: Le doublage VF, d&#8217;excellente qualit\u00e9&#8221;<em><br \/>\n&#8220;Strong point: excellent French dubbing&#8221;<br \/>\n<\/em>[\/vc_column_text][\/vc_column][\/vc_row][vc_row][vc_column column_width_use_pixel=&#8221;yes&#8221; gutter_size=&#8221;2&#8243; overlay_alpha=&#8221;50&#8243; shift_x=&#8221;0&#8243; shift_y=&#8221;0&#8243; shift_y_down=&#8221;0&#8243; z_index=&#8221;0&#8243; medium_width=&#8221;0&#8243; mobile_width=&#8221;0&#8243; width=&#8221;1\/1&#8243; uncode_shortcode_id=&#8221;998810&#8243; column_width_pixel=&#8221;950&#8243;][vc_custom_heading text_color=&#8221;color-203580&#8243; heading_semantic=&#8221;h3&#8243; text_size=&#8221;h4&#8243; uncode_shortcode_id=&#8221;301778&#8243; text_color_type=&#8221;uncode-palette&#8221;]www.lesnumeriques.com[\/vc_custom_heading][vc_column_text uncode_shortcode_id=&#8221;442307&#8243;]&#8221;tr\u00e8s bonne qualit\u00e9 des doublages fran\u00e7ais&#8221;<em><br \/>\n&#8220;French dubbing with very high standards&#8221;<br \/>\n<\/em>[\/vc_column_text][\/vc_column][\/vc_row][vc_row][vc_column column_width_use_pixel=&#8221;yes&#8221; gutter_size=&#8221;2&#8243; overlay_alpha=&#8221;50&#8243; shift_x=&#8221;0&#8243; shift_y=&#8221;0&#8243; shift_y_down=&#8221;0&#8243; z_index=&#8221;0&#8243; medium_width=&#8221;0&#8243; mobile_width=&#8221;0&#8243; width=&#8221;1\/1&#8243; uncode_shortcode_id=&#8221;998810&#8243; column_width_pixel=&#8221;950&#8243;][vc_custom_heading text_color=&#8221;color-203580&#8243; heading_semantic=&#8221;h3&#8243; text_size=&#8221;h4&#8243; uncode_shortcode_id=&#8221;569945&#8243; text_color_type=&#8221;uncode-palette&#8221;]www.playerone.tv[\/vc_custom_heading][vc_column_text uncode_shortcode_id=&#8221;189716&#8243;]&#8221;Les points forts&nbsp;: Le doublage fran\u00e7ais est excellent&#8221;<em><br \/>\n&#8220;Strong point: the French Dubbing is excellent.&#8221;<\/em>[\/vc_column_text][\/vc_column][\/vc_row][vc_row][vc_column column_width_use_pixel=&#8221;yes&#8221; gutter_size=&#8221;2&#8243; overlay_alpha=&#8221;50&#8243; shift_x=&#8221;0&#8243; shift_y=&#8221;0&#8243; shift_y_down=&#8221;0&#8243; z_index=&#8221;0&#8243; medium_width=&#8221;0&#8243; mobile_width=&#8221;0&#8243; width=&#8221;1\/1&#8243; uncode_shortcode_id=&#8221;998810&#8243; column_width_pixel=&#8221;950&#8243;][vc_custom_heading text_color=&#8221;color-203580&#8243; heading_semantic=&#8221;h3&#8243; text_size=&#8221;h4&#8243; uncode_shortcode_id=&#8221;186366&#8243; text_color_type=&#8221;uncode-palette&#8221;]www.thmmagazine.fr[\/vc_custom_heading][vc_column_text uncode_shortcode_id=&#8221;700236&#8243;]&#8221;la version fran\u00e7aise est excellente, du niveau de la VO&#8221;<em><br \/>\n&#8220;French version is excellent, on par with the English one.&#8221;<\/em>[\/vc_column_text][\/vc_column][\/vc_row][vc_row][vc_column column_width_use_pixel=&#8221;yes&#8221; gutter_size=&#8221;2&#8243; overlay_alpha=&#8221;50&#8243; shift_x=&#8221;0&#8243; shift_y=&#8221;0&#8243; shift_y_down=&#8221;0&#8243; z_index=&#8221;0&#8243; medium_width=&#8221;0&#8243; mobile_width=&#8221;0&#8243; width=&#8221;1\/1&#8243; uncode_shortcode_id=&#8221;998810&#8243; column_width_pixel=&#8221;950&#8243;][vc_custom_heading text_color=&#8221;color-203580&#8243; heading_semantic=&#8221;h3&#8243; text_size=&#8221;h4&#8243; uncode_shortcode_id=&#8221;473206&#8243; text_color_type=&#8221;uncode-palette&#8221;]www.geek4life.fr[\/vc_custom_heading][vc_column_text uncode_shortcode_id=&#8221;756780&#8243;]&#8221;Enti\u00e8rement localis\u00e9 en VF, CD Projekt nous livre un jeu tr\u00e8s immersif et b\u00e9n\u00e9ficiant d&#8217;une excellente qualit\u00e9 de doublages&#8221;<em><br \/>\n&#8220;Fully localized in French, CD Projekt delivers a highly immersive game with an excellent French dubbing.&#8221;<\/em>[\/vc_column_text][vc_empty_space empty_h=&#8221;3&#8243;][\/vc_column][\/vc_row]<\/p>\n<\/div>","protected":false},"excerpt":{"rendered":"<p>[vc_row][vc_column column_width_percent=&#8221;100&#8243; position_horizontal=&#8221;left&#8221; gutter_size=&#8221;3&#8243; overlay_alpha=&#8221;50&#8243; shift_x=&#8221;0&#8243; shift_y=&#8221;0&#8243; shift_y_down=&#8221;0&#8243; z_index=&#8221;0&#8243; medium_width=&#8221;0&#8243; mobile_width=&#8221;0&#8243; width=&#8221;1\/1&#8243; uncode_shortcode_id=&#8221;299866&#8243;][vc_custom_heading uncode_shortcode_id=&#8221;211686&#8243; subheading=&#8221;Cyberpunk 2077&#8243; el_class=&#8221;ksf-special-heading&#8221;]Reviews[\/vc_custom_heading][\/vc_column][\/vc_row][vc_row][vc_column column_width_use_pixel=&#8221;yes&#8221; gutter_size=&#8221;2&#8243; overlay_alpha=&#8221;50&#8243; [&hellip;]<\/p>","protected":false},"author":2,"featured_media":0,"parent":90941,"menu_order":1,"comment_status":"closed","ping_status":"closed","template":"","meta":{"footnotes":""},"class_list":["post-90916","page","type-page","status-publish","hentry"],"_links":{"self":[{"href":"https:\/\/www.keywordsstudiosfrance.com\/en\/wp-json\/wp\/v2\/pages\/90916","targetHints":{"allow":["GET"]}}],"collection":[{"href":"https:\/\/www.keywordsstudiosfrance.com\/en\/wp-json\/wp\/v2\/pages"}],"about":[{"href":"https:\/\/www.keywordsstudiosfrance.com\/en\/wp-json\/wp\/v2\/types\/page"}],"author":[{"embeddable":true,"href":"https:\/\/www.keywordsstudiosfrance.com\/en\/wp-json\/wp\/v2\/users\/2"}],"replies":[{"embeddable":true,"href":"https:\/\/www.keywordsstudiosfrance.com\/en\/wp-json\/wp\/v2\/comments?post=90916"}],"version-history":[{"count":2,"href":"https:\/\/www.keywordsstudiosfrance.com\/en\/wp-json\/wp\/v2\/pages\/90916\/revisions"}],"predecessor-version":[{"id":90919,"href":"https:\/\/www.keywordsstudiosfrance.com\/en\/wp-json\/wp\/v2\/pages\/90916\/revisions\/90919"}],"up":[{"embeddable":true,"href":"https:\/\/www.keywordsstudiosfrance.com\/en\/wp-json\/wp\/v2\/pages\/90941"}],"wp:attachment":[{"href":"https:\/\/www.keywordsstudiosfrance.com\/en\/wp-json\/wp\/v2\/media?parent=90916"}],"curies":[{"name":"wp","href":"https:\/\/api.w.org\/{rel}","templated":true}]}}